{"id":122,"date":"2021-11-01T14:21:53","date_gmt":"2021-11-01T13:21:53","guid":{"rendered":"https:\/\/www.mlgfiber.com\/?page_id=122"},"modified":"2023-12-11T15:58:29","modified_gmt":"2023-12-11T14:58:29","slug":"gestion-de-projet","status":"publish","type":"page","link":"https:\/\/www.mlgfiber.com\/index.php\/gestion-de-projet\/","title":{"rendered":"Gestion de Projets d&rsquo;Ing\u00e9nierie et de Construction par MLG"},"content":{"rendered":"\n<figure class=\"wp-block-image\"><img loading=\"lazy\" decoding=\"async\" width=\"400\" height=\"267\" src=\"https:\/\/www.mlgfiber.com\/wp-content\/uploads\/2021\/11\/5.jpg\" alt=\"\" class=\"wp-image-99\" srcset=\"https:\/\/www.mlgfiber.com\/wp-content\/uploads\/2021\/11\/5.jpg 400w, https:\/\/www.mlgfiber.com\/wp-content\/uploads\/2021\/11\/5-300x200.jpg 300w\" sizes=\"auto, (max-width: 400px) 100vw, 400px\" \/><\/figure>\n\n\n\n<p><\/p>\n\n\n\n<p>MLG offre une expertise in\u00e9gal\u00e9e dans la gestion de projets, du petit au grand envergure, en fournissant des ing\u00e9nieurs qualifi\u00e9s pour superviser chaque \u00e9tape du processus.<\/p>\n\n\n\n<p><\/p>\n\n\n\n<p><strong>Nos Capacit\u00e9s de Gestion de Projet :<\/strong><\/p>\n\n\n\n<p><\/p>\n\n\n\n<ul class=\"wp-block-list\">\n<li><em>Examen des Dessins Pr\u00e9liminaires :<\/em> Nous \u00e9valuons les dessins pr\u00e9liminaires en mettant l&rsquo;accent sur l&rsquo;ing\u00e9nierie et la constructibilit\u00e9 pour garantir une base solide.<\/li>\n<\/ul>\n\n\n\n<p><\/p>\n\n\n\n<ul class=\"wp-block-list\">\n<li><em>N\u00e9gociations et Coordination :<\/em> La gestion des n\u00e9gociations et de la coordination est au c\u0153ur de notre approche, assurant une communication fluide et une collaboration efficace.<\/li>\n<\/ul>\n\n\n\n<p><\/p>\n\n\n\n<ul class=\"wp-block-list\">\n<li><em>Plans de Travail, Calendriers et Modifications de Contrat :<\/em> Nous \u00e9laborons et examinons m\u00e9ticuleusement les plans de travail, les calendriers, les modifications de contrat, et nous nous assurons que tous les livrables du projet sont conformes.<\/li>\n<\/ul>\n\n\n\n<p><\/p>\n\n\n\n<ul class=\"wp-block-list\">\n<li><em>Normes et Proc\u00e9dures d&rsquo;Assurance Qualit\u00e9 :<\/em> Nous travaillons \u00e0 l&rsquo;\u00e9laboration de normes et de proc\u00e9dures d&rsquo;assurance qualit\u00e9 sp\u00e9cifiques au projet, mettant en \u0153uvre des mesures correctives et un suivi constant.<\/li>\n<\/ul>\n\n\n\n<p><\/p>\n\n\n\n<ul class=\"wp-block-list\">\n<li><em>Collaboration Client :<\/em> Nous travaillons en \u00e9troite collaboration avec le client pour obtenir l&rsquo;approbation de la main-d&rsquo;\u0153uvre, des mat\u00e9riaux et des co\u00fbts de sous-traitance du projet.<\/li>\n<\/ul>\n\n\n\n<p><\/p>\n\n\n\n<ul class=\"wp-block-list\">\n<li><em>R\u00e9alisation Dans les D\u00e9lais :<\/em> Notre engagement ultime est de garantir la r\u00e9alisation dans les d\u00e9lais de tous les aspects du projet, en maintenant une qualit\u00e9 exceptionnelle \u00e0 chaque \u00e9tape.<\/li>\n<\/ul>\n\n\n\n<p><\/p>\n\n\n\n<ul class=\"wp-block-list\">\n<li>Avec MLG \u00e0 la barre de la gestion de votre projet, vous b\u00e9n\u00e9ficiez d&rsquo;une \u00e9quipe d\u00e9vou\u00e9e qui excelle dans la pr\u00e9cision, la coordination et la livraison r\u00e9ussie, quels que soient les d\u00e9fis rencontr\u00e9s.<\/li>\n<\/ul>\n","protected":false},"excerpt":{"rendered":"<p>MLG offre une expertise in\u00e9gal\u00e9e dans la gestion de projets, du petit au grand envergure, en fournissant des ing\u00e9nieurs qualifi\u00e9s pour superviser chaque \u00e9tape du processus. Nos Capacit\u00e9s de Gestion&hellip;<\/p>\n","protected":false},"author":1,"featured_media":0,"parent":0,"menu_order":0,"comment_status":"closed","ping_status":"closed","template":"","meta":{"footnotes":""},"class_list":["post-122","page","type-page","status-publish","hentry"],"_links":{"self":[{"href":"https:\/\/www.mlgfiber.com\/index.php\/wp-json\/wp\/v2\/pages\/122","targetHints":{"allow":["GET"]}}],"collection":[{"href":"https:\/\/www.mlgfiber.com\/index.php\/wp-json\/wp\/v2\/pages"}],"about":[{"href":"https:\/\/www.mlgfiber.com\/index.php\/wp-json\/wp\/v2\/types\/page"}],"author":[{"embeddable":true,"href":"https:\/\/www.mlgfiber.com\/index.php\/wp-json\/wp\/v2\/users\/1"}],"replies":[{"embeddable":true,"href":"https:\/\/www.mlgfiber.com\/index.php\/wp-json\/wp\/v2\/comments?post=122"}],"version-history":[{"count":3,"href":"https:\/\/www.mlgfiber.com\/index.php\/wp-json\/wp\/v2\/pages\/122\/revisions"}],"predecessor-version":[{"id":186,"href":"https:\/\/www.mlgfiber.com\/index.php\/wp-json\/wp\/v2\/pages\/122\/revisions\/186"}],"wp:attachment":[{"href":"https:\/\/www.mlgfiber.com\/index.php\/wp-json\/wp\/v2\/media?parent=122"}],"curies":[{"name":"wp","href":"https:\/\/api.w.org\/{rel}","templated":true}]}}